{"id":111,"date":"2021-01-27T08:08:09","date_gmt":"2021-01-27T08:08:09","guid":{"rendered":"http:\/\/salloum.bg\/?page_id=111"},"modified":"2021-02-03T12:51:22","modified_gmt":"2021-02-03T12:51:22","slug":"ueber-uns","status":"publish","type":"page","link":"https:\/\/salloum.bg\/de\/ueber-uns\/","title":{"rendered":"\u00dcBER UNS"},"content":{"rendered":"\n<h2 class=\"wp-block-heading\">EIN WELTF\u00dcHRENDER VERSAND UND LOGISTIKUNTERNEHMEN.<\/h2>\n\n\n\n<p>Die im Jahr 2000 gegr\u00fcndete Salloum Shipping Co. hat es sich zur Aufgabe gemacht, ihren Kunden den besten Service und Support f\u00fcr RO \/ RO und Containertransporte an alle afrikanischen und mediterranen H\u00e4fen zu bieten.<\/p>\n\n\n\n<p>Egal, ob Sie Fahrzeuge, Busse, LKWs, landwirtschaftliche Ger\u00e4te, statische Ger\u00e4te oder Standardcontainer exportieren m\u00fcssen, unsere Niederlassungen verf\u00fcgen \u00fcber das Know-how in Logistik und Versand, um sicherzustellen, dass Ihre Fracht in einwandfreiem Zustand und termingerecht ihr Ziel erreicht.<\/p>\n\n\n\n<p>Salloum Shipping Co. ist Mitglied des GLOBALIA-Logistiknetzwerks.  Globalia Logistics Network ist ein exklusives Netzwerk der besten Spediteure in jedem wichtigen Luft- \/ Seehafen der Welt, die aktiv zusammenarbeiten, um Kosten und Risiken zu senken und ihr Gesch\u00e4ft durch gegenseitiges Wachstum auszubauen Zusammenarbeit, um die f\u00fchrenden multinationalen Unternehmen zu schlagen<\/p>\n","protected":false},"excerpt":{"rendered":"<p>EIN WELTF\u00dcHRENDER VERSAND UND LOGISTIKUNTERNEHMEN. Die im Jahr 2000 gegr\u00fcndete Salloum Shipping Co. hat es sich zur Aufgabe gemacht, ihren Kunden den besten Service und Support f\u00fcr RO \/ RO und Containertransporte an alle afrikanischen und mediterranen H\u00e4fen zu bieten. Egal, ob Sie Fahrzeuge, Busse, LKWs, landwirtschaftliche Ger\u00e4te, statische Ger\u00e4te oder Standardcontainer exportieren m\u00fcssen, unsere [&hellip;]<\/p>\n","protected":false},"author":1,"featured_media":0,"parent":0,"menu_order":0,"comment_status":"closed","ping_status":"closed","template":"","meta":[],"_links":{"self":[{"href":"https:\/\/salloum.bg\/de\/wp-json\/wp\/v2\/pages\/111"}],"collection":[{"href":"https:\/\/salloum.bg\/de\/wp-json\/wp\/v2\/pages"}],"about":[{"href":"https:\/\/salloum.bg\/de\/wp-json\/wp\/v2\/types\/page"}],"author":[{"embeddable":true,"href":"https:\/\/salloum.bg\/de\/wp-json\/wp\/v2\/users\/1"}],"replies":[{"embeddable":true,"href":"https:\/\/salloum.bg\/de\/wp-json\/wp\/v2\/comments?post=111"}],"version-history":[{"count":3,"href":"https:\/\/salloum.bg\/de\/wp-json\/wp\/v2\/pages\/111\/revisions"}],"predecessor-version":[{"id":129,"href":"https:\/\/salloum.bg\/de\/wp-json\/wp\/v2\/pages\/111\/revisions\/129"}],"wp:attachment":[{"href":"https:\/\/salloum.bg\/de\/wp-json\/wp\/v2\/media?parent=111"}],"curies":[{"name":"wp","href":"https:\/\/api.w.org\/{rel}","templated":true}]}}