{"id":113,"date":"2021-01-27T08:20:10","date_gmt":"2021-01-27T08:20:10","guid":{"rendered":"http:\/\/salloum.bg\/?page_id=113"},"modified":"2021-01-27T08:20:11","modified_gmt":"2021-01-27T08:20:11","slug":"agenten","status":"publish","type":"page","link":"https:\/\/salloum.bg\/de\/agenten\/","title":{"rendered":"Agenten"},"content":{"rendered":"\n<h2 class=\"wp-block-heading\">Lokale Mittel verpflichtet<\/h2>\n\n\n\n<p>Unsere lokalen Agenten haben uns \u00fcber die Jahre ihre Dienste bewiesen und sind entschlossen, alles zu tun, um zu liefern. Ihre Hingabe f\u00fchrt zu minimierten Verz\u00f6gerungen und Betriebskosten f\u00fcr unsere Kunden.<\/p>\n\n\n\n<br>\n\n\n\n<div class=\"row\">\n\n\t<div class=\"col-md-6\">\n\t\t<div class=\"agent-box\">\n\t\t\t<img src=\"https:\/\/salloum.bg\/wp-content\/themes\/salloumshipping\/img\/flags\/benin.png\">\n\t\t\t<div class=\"box-content\">\n\t\t\t\t<span>Aqua Marine Benin<\/span>\n\t\t\t\t<span>Cotonou, Benin<\/span>\n\t\t\t\t<span>+22997974497<\/span>\n\t\t\t<\/div>\n\t\t<\/div>\n\t<\/div>\n\t<div class=\"col-md-6\">\n\t\t<div class=\"agent-box\">\n\t\t\t<img src=\"https:\/\/salloum.bg\/wp-content\/themes\/salloumshipping\/img\/flags\/togo.png\">\n\t\t\t<div class=\"box-content\">\n\t\t\t\t<span>Aqua Marine Togo<\/span>\n\t\t\t\t<span>Lome, Togo<\/span>\n\t\t\t\t<span>+2289058174<\/span>\n\t\t\t<\/div>\n\t\t<\/div>\n\t<\/div>\n\t<div class=\"col-md-6\">\n\t\t<div class=\"agent-box\">\n\t\t\t<img src=\"https:\/\/salloum.bg\/wp-content\/themes\/salloumshipping\/img\/flags\/cameroon.png\">\n\t\t\t<div class=\"box-content\">\n\t\t\t\t<span>Afritramp<\/span>\n\t\t\t\t<span>Douala, Cameroon<\/span>\n\t\t\t\t<span>+23733501249<\/span>\n\t\t\t<\/div>\n\t\t<\/div>\n\t<\/div>\n\t<div class=\"col-md-6\">\n\t\t<div class=\"agent-box\">\n\t\t\t<img src=\"https:\/\/salloum.bg\/wp-content\/themes\/salloumshipping\/img\/flags\/gabon.png\">\n\t\t\t<div class=\"box-content\">\n\t\t\t\t<span>Saga Afritramp<\/span>\n\t\t\t\t<span>Liberville, Gabon<\/span>\n\t\t\t\t<span>+24107350417<\/span>\n\t\t\t<\/div>\n\t\t<\/div>\n\t<\/div>\n\t<div class=\"col-md-6\">\n\t\t<div class=\"agent-box\">\n\t\t\t<img src=\"https:\/\/salloum.bg\/wp-content\/themes\/salloumshipping\/img\/flags\/ivory-coast.png\">\n\t\t\t<div class=\"box-content\">\n\t\t\t\t<span>Athena Shipping S.A<\/span>\n\t\t\t\t<span>Abidjan, Ivory Coast<\/span>\n\t\t\t\t<span>+22557151004<\/span>\n\t\t\t<\/div>\n\t\t<\/div>\n\t<\/div>\n\t<div class=\"col-md-6\">\n\t\t<div class=\"agent-box\">\n\t\t\t<img src=\"https:\/\/salloum.bg\/wp-content\/themes\/salloumshipping\/img\/flags\/sierra-leone.png\">\n\t\t\t<div class=\"box-content\">\n\t\t\t\t<span>OBT Shipping Ltd<\/span>\n\t\t\t\t<span>Freetown, Sierra Leone<\/span>\n\t\t\t\t<span>+23276696444<\/span>\n\t\t\t<\/div>\n\t\t<\/div>\n\t<\/div>\n\t<div class=\"col-md-6\">\n\t\t<div class=\"agent-box\">\n\t\t\t<img src=\"https:\/\/salloum.bg\/wp-content\/themes\/salloumshipping\/img\/flags\/angola.png\">\n\t\t\t<div class=\"box-content\">\n\t\t\t\t<span>OREY<\/span>\n\t\t\t\t<span>Luanda, Angola<\/span>\n\t\t\t\t<span>+244222311454<\/span>\n\t\t\t<\/div>\n\t\t<\/div>\n\t<\/div>\n\t<div class=\"col-md-6\">\n\t\t<div class=\"agent-box\">\n\t\t\t<img src=\"https:\/\/salloum.bg\/wp-content\/themes\/salloumshipping\/img\/flags\/republic-of-the-congo.png\">\n\t\t\t<div class=\"box-content\">\n\t\t\t\t<span>Messrs Afritramp<\/span>\n\t\t\t\t<span>Pointe-Noire, Congo<\/span>\n\t\t\t\t<span>+242941016<\/span>\n\t\t\t<\/div>\n\t\t<\/div>\n\t<\/div>\n\t<div class=\"col-md-6\">\n\t\t<div class=\"agent-box\">\n\t\t\t<img src=\"https:\/\/salloum.bg\/wp-content\/themes\/salloumshipping\/img\/flags\/nigeria.png\">\n\t\t\t<div class=\"box-content\">\n\t\t\t\t<span>Sallaum Nigeria LTD<\/span>\n\t\t\t\t<span>Lagos, Nigeria<\/span>\n\t\t\t\t<span>+23414623817<\/span>\n\t\t\t<\/div>\n\t\t<\/div>\n\t<\/div>\n\t<div class=\"col-md-6\">\n\t\t<div class=\"agent-box\">\n\t\t\t<img src=\"https:\/\/salloum.bg\/wp-content\/themes\/salloumshipping\/img\/flags\/guinea.png\">\n\t\t\t<div class=\"box-content\">\n\t\t\t\t<span>Aqua Marine<\/span>\n\t\t\t\t<span>Conakry, Guinea<\/span>\n\t\t\t\t<span>+22430430063<\/span>\n\t\t\t<\/div>\n\t\t<\/div>\n\t<\/div>\n\t\n\t\n\t<div class=\"col-md-6\">\n\t\t<div class=\"agent-box\">\n\t\t\t<img src=\"https:\/\/salloum.bg\/wp-content\/themes\/salloumshipping\/img\/flags\/germany.png\">\n\t\t\t<div class=\"box-content\">\n\t\t\t\t<span>SASCO GROUP GmbH<\/span>\n\t\t\t\t<span>Essen, Germany<\/span>\n\t\t\t\t<span>+49 201220055<\/span>\n\t\t\t<\/div>\n\t\t<\/div>\n\t<\/div>\n\t<div class=\"col-md-6\">\n\t\t<div class=\"agent-box\">\n\t\t\t<img src=\"https:\/\/salloum.bg\/wp-content\/themes\/salloumshipping\/img\/flags\/germany.png\">\n\t\t\t<div class=\"box-content\">\n\t\t\t\t<span>SASCO GROUP GmbH<\/span>\n\t\t\t\t<span>Dortmund, Germany<\/span>\n\t\t\t\t<span>+49 1523 3981298<\/span>\n\t\t\t<\/div>\n\t\t<\/div>\n\t<\/div>\n\t<div class=\"col-md-6\">\n\t\t<div class=\"agent-box\">\n\t\t\t<img src=\"https:\/\/salloum.bg\/wp-content\/themes\/salloumshipping\/img\/flags\/germany.png\">\n\t\t\t<div class=\"box-content\">\n\t\t\t\t<span>SASCO GROUP GmbH<\/span>\n\t\t\t\t<span>Munich, Germany<\/span>\n\t\t\t\t<span>+49 177 7195865<\/span>\n\t\t\t<\/div>\n\t\t<\/div>\n\t<\/div>\n\n\n\t\n\t\n\t\n\t\t  \n<\/div>\n\n\n\n<p><\/p>\n","protected":false},"excerpt":{"rendered":"<p>Lokale Mittel verpflichtet Unsere lokalen Agenten haben uns \u00fcber die Jahre ihre Dienste bewiesen und sind entschlossen, alles zu tun, um zu liefern. Ihre Hingabe f\u00fchrt zu minimierten Verz\u00f6gerungen und Betriebskosten f\u00fcr unsere Kunden.<\/p>\n","protected":false},"author":1,"featured_media":0,"parent":0,"menu_order":0,"comment_status":"closed","ping_status":"closed","template":"","meta":[],"_links":{"self":[{"href":"https:\/\/salloum.bg\/de\/wp-json\/wp\/v2\/pages\/113"}],"collection":[{"href":"https:\/\/salloum.bg\/de\/wp-json\/wp\/v2\/pages"}],"about":[{"href":"https:\/\/salloum.bg\/de\/wp-json\/wp\/v2\/types\/page"}],"author":[{"embeddable":true,"href":"https:\/\/salloum.bg\/de\/wp-json\/wp\/v2\/users\/1"}],"replies":[{"embeddable":true,"href":"https:\/\/salloum.bg\/de\/wp-json\/wp\/v2\/comments?post=113"}],"version-history":[{"count":1,"href":"https:\/\/salloum.bg\/de\/wp-json\/wp\/v2\/pages\/113\/revisions"}],"predecessor-version":[{"id":114,"href":"https:\/\/salloum.bg\/de\/wp-json\/wp\/v2\/pages\/113\/revisions\/114"}],"wp:attachment":[{"href":"https:\/\/salloum.bg\/de\/wp-json\/wp\/v2\/media?parent=113"}],"curies":[{"name":"wp","href":"https:\/\/api.w.org\/{rel}","templated":true}]}}