{"id":115,"date":"2021-01-27T08:23:38","date_gmt":"2021-01-27T08:23:38","guid":{"rendered":"http:\/\/salloum.bg\/?page_id=115"},"modified":"2021-01-27T08:23:39","modified_gmt":"2021-01-27T08:23:39","slug":"ziele","status":"publish","type":"page","link":"https:\/\/salloum.bg\/de\/ziele\/","title":{"rendered":"Ziele"},"content":{"rendered":"\n<h2 class=\"wp-block-heading\">Afrika<\/h2>\n\n\n\n<p>Salloum Shipping Co. bietet schnellen und zuverl\u00e4ssigen RoRo-Versand in verschiedene afrikanische L\u00e4nder.<\/p>\n\n\n\n<br>\n\n\n\n<div class=\"row\">\n\t<div class=\"col-md-4\">\n\t\t<div class=\"agent-box destinations\">\n\t\t\t<img src=\"https:\/\/salloum.bg\/wp-content\/themes\/salloumshipping\/img\/flags\/ivory-coast.png\">\n\t\t\t<div class=\"box-content\">\n\t\t\t\t<span>Abidjan<\/span>\n\t\t\t\t<span>Ivory Cost<\/span>\n\t\t\t<\/div>\n\t\t<\/div>\n\t<\/div>\n\t<div class=\"col-md-4\">\n\t\t<div class=\"agent-box destinations\">\n\t\t\t<img src=\"https:\/\/salloum.bg\/wp-content\/themes\/salloumshipping\/img\/flags\/republic-of-the-congo.png\">\n\t\t\t<div class=\"box-content\">\n\t\t\t\t<span>Boma<\/span>\n\t\t\t\t<span>Congo<\/span>\n\t\t\t<\/div>\n\t\t<\/div>\n\t<\/div>\n\t<div class=\"col-md-4\">\n\t\t<div class=\"agent-box destinations\">\n\t\t\t<img src=\"https:\/\/salloum.bg\/wp-content\/themes\/salloumshipping\/img\/flags\/senegal.png\">\n\t\t\t<div class=\"box-content\">\n\t\t\t\t<span>Dakar<\/span>\n\t\t\t\t<span>Senegal<\/span>\n\t\t\t<\/div>\n\t\t<\/div>\n\t<\/div>\n\t<div class=\"col-md-4\">\n\t\t<div class=\"agent-box destinations\">\n\t\t\t<img src=\"https:\/\/salloum.bg\/wp-content\/themes\/salloumshipping\/img\/flags\/cameroon.png\">\n\t\t\t<div class=\"box-content\">\n\t\t\t\t<span>Douala<\/span>\n\t\t\t\t<span>Cameroon<\/span>\n\t\t\t<\/div>\n\t\t<\/div>\n\t<\/div>\n\t<div class=\"col-md-4\">\n\t\t<div class=\"agent-box destinations\">\n\t\t\t<img src=\"https:\/\/salloum.bg\/wp-content\/themes\/salloumshipping\/img\/flags\/tanzania.png\">\n\t\t\t<div class=\"box-content\">\n\t\t\t\t<span>Dar esSalam<\/span>\n\t\t\t\t<span>Tanzania<\/span>\n\t\t\t<\/div>\n\t\t<\/div>\n\t<\/div>\n\t<div class=\"col-md-4\">\n\t\t<div class=\"agent-box destinations\">\n\t\t\t<img src=\"https:\/\/salloum.bg\/wp-content\/themes\/salloumshipping\/img\/flags\/benin.png\">\n\t\t\t<div class=\"box-content\">\n\t\t\t\t<span>Cotonou<\/span>\n\t\t\t\t<span>Benin<\/span>\n\t\t\t<\/div>\n\t\t<\/div>\n\t<\/div>\n\t<div class=\"col-md-4\">\n\t\t<div class=\"agent-box destinations\">\n\t\t\t<img src=\"https:\/\/salloum.bg\/wp-content\/themes\/salloumshipping\/img\/flags\/guinea.png\">\n\t\t\t<div class=\"box-content\">\n\t\t\t\t<span>Conakry<\/span>\n\t\t\t\t<span>Guinea<\/span>\n\t\t\t<\/div>\n\t\t<\/div>\n\t<\/div>\n\t<div class=\"col-md-4\">\n\t\t<div class=\"agent-box destinations\">\n\t\t\t<img src=\"https:\/\/salloum.bg\/wp-content\/themes\/salloumshipping\/img\/flags\/sierra-leone.png\">\n\t\t\t<div class=\"box-content\">\n\t\t\t\t<span>Freetown<\/span>\n\t\t\t\t<span>Sirrea Leone<\/span>\n\t\t\t<\/div>\n\t\t<\/div>\n\t<\/div>\n\t<div class=\"col-md-4\">\n\t\t<div class=\"agent-box destinations\">\n\t\t\t<img src=\"https:\/\/salloum.bg\/wp-content\/themes\/salloumshipping\/img\/flags\/gabon.png\">\n\t\t\t<div class=\"box-content\">\n\t\t\t\t<span>Libreville<\/span>\n\t\t\t\t<span>Gabon<\/span>\n\t\t\t<\/div>\n\t\t<\/div>\n\t<\/div>\n\t<div class=\"col-md-4\">\n\t\t<div class=\"agent-box destinations\">\n\t\t\t<img src=\"https:\/\/salloum.bg\/wp-content\/themes\/salloumshipping\/img\/flags\/togo.png\">\n\t\t\t<div class=\"box-content\">\n\t\t\t\t<span>Lome<\/span>\n\t\t\t\t<span>Togo<\/span>\n\t\t\t<\/div>\n\t\t<\/div>\n\t<\/div>\n\t<div class=\"col-md-4\">\n\t\t<div class=\"agent-box destinations\">\n\t\t\t<img src=\"https:\/\/salloum.bg\/wp-content\/themes\/salloumshipping\/img\/flags\/angola.png\">\n\t\t\t<div class=\"box-content\">\n\t\t\t\t<span>Luanda<\/span>\n\t\t\t\t<span>Angola<\/span>\n\t\t\t<\/div>\n\t\t<\/div>\n\t<\/div>\n\t<div class=\"col-md-4\">\n\t\t<div class=\"agent-box destinations\">\n\t\t\t<img src=\"https:\/\/salloum.bg\/wp-content\/themes\/salloumshipping\/img\/flags\/nigeria.png\">\n\t\t\t<div class=\"box-content\">\n\t\t\t\t<span>Lagos<\/span>\n\t\t\t\t<span>Nigeria<\/span>\n\t\t\t<\/div>\n\t\t<\/div>\n\t<\/div>\n\t<div class=\"col-md-4\">\n\t\t<div class=\"agent-box destinations\">\n\t\t\t<img src=\"https:\/\/salloum.bg\/wp-content\/themes\/salloumshipping\/img\/flags\/republic-of-the-congo.png\">\n\t\t\t<div class=\"box-content\">\n\t\t\t\t<span>Pointe Noire<\/span>\n\t\t\t\t<span>Congo<\/span>\n\t\t\t<\/div>\n\t\t<\/div>\n\t<\/div>\n\t<div class=\"col-md-4\">\n\t\t<div class=\"agent-box destinations\">\n\t\t\t<img src=\"https:\/\/salloum.bg\/wp-content\/themes\/salloumshipping\/img\/flags\/ghana.png\">\n\t\t\t<div class=\"box-content\">\n\t\t\t\t<span>Tema<\/span>\n\t\t\t\t<span>Ghana<\/span>\n\t\t\t<\/div>\n\t\t<\/div>\n\t<\/div>\n\t<div class=\"col-md-4\">\n\t\t<div class=\"agent-box destinations\">\n\t\t\t<img src=\"https:\/\/salloum.bg\/wp-content\/themes\/salloumshipping\/img\/flags\/liberia.png\">\n\t\t\t<div class=\"box-content\">\n\t\t\t\t<span>Monrovia<\/span>\n\t\t\t\t<span>Liberia<\/span>\n\t\t\t<\/div>\n\t\t<\/div>\n\t<\/div>\n\t<div class=\"col-md-4\">\n\t\t<div class=\"agent-box destinations\">\n\t\t\t<img src=\"https:\/\/salloum.bg\/wp-content\/themes\/salloumshipping\/img\/flags\/mauritania.png\">\n\t\t\t<div class=\"box-content\">\n\t\t\t\t<span>Nouakchott<\/span>\n\t\t\t\t<span>Mauritania<\/span>\n\t\t\t<\/div>\n\t\t<\/div>\n\t<\/div><div class=\"col-md-4\">\n\t\t<div class=\"agent-box destinations\">\n\t\t\t<img src=\"https:\/\/salloum.bg\/wp-content\/themes\/salloumshipping\/img\/flags\/equatorial-guinea.png\">\n\t\t\t<div class=\"box-content\">\n\t\t\t\t<span>Malabo<\/span>\n\t\t\t\t<span>Equatorial Guinea<\/span>\n\t\t\t<\/div>\n\t\t<\/div>\n\t<\/div>\n\t<div class=\"col-md-4\">\n\t\t<div class=\"agent-box destinations\">\n\t\t\t<img src=\"https:\/\/salloum.bg\/wp-content\/themes\/salloumshipping\/img\/flags\/namibia.png\">\n\t\t\t<div class=\"box-content\">\n\t\t\t\t<span>Walvis Bay<\/span>\n\t\t\t\t<span>Namibia<\/span>\n\t\t\t<\/div>\n\t\t<\/div>\n\t<\/div>\n\n\t\n\t\n\t\n\t\n\t\t  \n<\/div>\n\n\n\n<br><br>\n\n\n\n<h2 class=\"wp-block-heading\">Mittelmeer und der Nahe Osten<\/h2>\n\n\n\n<p>Salloum Shipping Co. bietet neben einigen L\u00e4ndern des Nahen Ostens und dem Golf auch professionelle Versanddienste f\u00fcr mehrere Mittelmeerl\u00e4nder an.<\/p>\n\n\n\n<br>\n\n\n\n<div class=\"row\">\n\t<div class=\"col-md-4\">\n\t\t<div class=\"agent-box destinations\">\n\t\t\t<img src=\"https:\/\/salloum.bg\/wp-content\/themes\/salloumshipping\/img\/flags\/lebanon.png\">\n\t\t\t<div class=\"box-content\">\n\t\t\t\t<span>Beirut<\/span>\n\t\t\t\t<span>Lebanon<\/span>\n\t\t\t<\/div>\n\t\t<\/div>\n\t<\/div>\n\t<div class=\"col-md-4\">\n\t\t<div class=\"agent-box destinations\">\n\t\t\t<img src=\"https:\/\/salloum.bg\/wp-content\/themes\/salloumshipping\/img\/flags\/lebanon.png\">\n\t\t\t<div class=\"box-content\">\n\t\t\t\t<span>Tripoli<\/span>\n\t\t\t\t<span>lebanon<\/span>\n\t\t\t<\/div>\n\t\t<\/div>\n\t<\/div>\n\t<div class=\"col-md-4\">\n\t\t<div class=\"agent-box destinations\">\n\t\t\t<img src=\"https:\/\/salloum.bg\/wp-content\/themes\/salloumshipping\/img\/flags\/egypt.png\">\n\t\t\t<div class=\"box-content\">\n\t\t\t\t<span>Alexandria<\/span>\n\t\t\t\t<span>Egypt<\/span>\n\t\t\t<\/div>\n\t\t<\/div>\n\t<\/div>\n\t\n\t\n\t<div class=\"col-md-4\">\n\t\t<div class=\"agent-box destinations\">\n\t\t\t<img src=\"https:\/\/salloum.bg\/wp-content\/themes\/salloumshipping\/img\/flags\/jordan.png\">\n\t\t\t<div class=\"box-content\">\n\t\t\t\t<span>Aqaba<\/span>\n\t\t\t\t<span>Jordan<\/span>\n\t\t\t<\/div>\n\t\t<\/div>\n\t<\/div>\n\t<div class=\"col-md-4\">\n\t\t<div class=\"agent-box destinations\">\n\t\t\t<img src=\"https:\/\/salloum.bg\/wp-content\/themes\/salloumshipping\/img\/flags\/saudi-arabia.png\">\n\t\t\t<div class=\"box-content\">\n\t\t\t\t<span>Jeddah<\/span>\n\t\t\t\t<span>Saudi Arabia<\/span>\n\t\t\t<\/div>\n\t\t<\/div>\n\t<\/div>\n\t<div class=\"col-md-4\">\n\t\t<div class=\"agent-box destinations\">\n\t\t\t<img src=\"https:\/\/salloum.bg\/wp-content\/themes\/salloumshipping\/img\/flags\/saudi-arabia.png\">\n\t\t\t<div class=\"box-content\">\n\t\t\t\t<span>Dammam<\/span>\n\t\t\t\t<span>Saudi Arabia<\/span>\n\t\t\t<\/div>\n\t\t<\/div>\n\t<\/div>\n\t<div class=\"col-md-4\">\n\t\t<div class=\"agent-box destinations\">\n\t\t\t<img src=\"https:\/\/salloum.bg\/wp-content\/themes\/salloumshipping\/img\/flags\/libya.png\">\n\t\t\t<div class=\"box-content\">\n\t\t\t\t<span>Khoms<\/span>\n\t\t\t\t<span>Libya<\/span>\n\t\t\t<\/div>\n\t\t<\/div>\n\t<\/div>\n\t<div class=\"col-md-4\">\n\t\t<div class=\"agent-box destinations\">\n\t\t\t<img src=\"https:\/\/salloum.bg\/wp-content\/themes\/salloumshipping\/img\/flags\/libya.png\">\n\t\t\t<div class=\"box-content\">\n\t\t\t\t<span>Benghazi<\/span>\n\t\t\t\t<span>Libya<\/span>\n\t\t\t<\/div>\n\t\t<\/div>\n\t<\/div>\n\t\n\t<div class=\"col-md-4\">\n\t\t<div class=\"agent-box destinations\">\n\t\t\t<img src=\"https:\/\/salloum.bg\/wp-content\/themes\/salloumshipping\/img\/flags\/libya.png\">\n\t\t\t<div class=\"box-content\">\n\t\t\t\t<span>Misurata<\/span>\n\t\t\t\t<span>Libya<\/span>\n\t\t\t<\/div>\n\t\t<\/div>\n\t<\/div>\n\t<div class=\"col-md-4\">\n\t\t<div class=\"agent-box destinations\">\n\t\t\t<img src=\"https:\/\/salloum.bg\/wp-content\/themes\/salloumshipping\/img\/flags\/turkey.png\">\n\t\t\t<div class=\"box-content\">\n\t\t\t\t<span>Mersin<\/span>\n\t\t\t\t<span>Turkey<\/span>\n\t\t\t<\/div>\n\t\t<\/div>\n\t<\/div>\n\t<div class=\"col-md-4\">\n\t\t<div class=\"agent-box destinations\">\n\t\t\t<img src=\"https:\/\/salloum.bg\/wp-content\/themes\/salloumshipping\/img\/flags\/united-arab-emirates.png\">\n\t\t\t<div class=\"box-content\">\n\t\t\t\t<span>Dubai<\/span>\n\t\t\t\t<span>UAE<\/span>\n\t\t\t<\/div>\n\t\t<\/div>\n\t<\/div>\n\t<div class=\"col-md-4\">\n\t\t<div class=\"agent-box destinations\">\n\t\t\t<img src=\"https:\/\/salloum.bg\/wp-content\/themes\/salloumshipping\/img\/flags\/united-arab-emirates.png\">\n\t\t\t<div class=\"box-content\">\n\t\t\t\t<span>Jebel Ali<\/span>\n\t\t\t\t<span>UAE<\/span>\n\t\t\t<\/div>\n\t\t<\/div>\n\t<\/div>\n\t<div class=\"col-md-4\">\n\t\t<div class=\"agent-box destinations\">\n\t\t\t<img src=\"https:\/\/salloum.bg\/wp-content\/themes\/salloumshipping\/img\/flags\/qatar.png\">\n\t\t\t<div class=\"box-content\">\n\t\t\t\t<span>Doha<\/span>\n\t\t\t\t<span>Qatar<\/span>\n\t\t\t<\/div>\n\t\t<\/div>\n\t<\/div>\n\t<div class=\"col-md-4\">\n\t\t<div class=\"agent-box destinations\">\n\t\t\t<img src=\"https:\/\/salloum.bg\/wp-content\/themes\/salloumshipping\/img\/flags\/bahrain.png\">\n\t\t\t<div class=\"box-content\">\n\t\t\t\t<span>Bahrain<\/span>\n\t\t\t\t<span>Bahrain<\/span>\n\t\t\t<\/div>\n\t\t<\/div>\n\t<\/div>\n\t<div class=\"col-md-4\">\n\t\t<div class=\"agent-box destinations\">\n\t\t\t<img src=\"https:\/\/salloum.bg\/wp-content\/themes\/salloumshipping\/img\/flags\/kuwait.png\">\n\t\t\t<div class=\"box-content\">\n\t\t\t\t<span>Kuwait<\/span>\n\t\t\t\t<span>Kuwait<\/span>\n\t\t\t<\/div>\n\t\t<\/div>\n\t<\/div>\n\t\t  \n<\/div>\n","protected":false},"excerpt":{"rendered":"<p>Afrika Salloum Shipping Co. bietet schnellen und zuverl\u00e4ssigen RoRo-Versand in verschiedene afrikanische L\u00e4nder. Mittelmeer und der Nahe Osten Salloum Shipping Co. bietet neben einigen L\u00e4ndern des Nahen Ostens und dem Golf auch professionelle Versanddienste f\u00fcr mehrere Mittelmeerl\u00e4nder an.<\/p>\n","protected":false},"author":1,"featured_media":0,"parent":0,"menu_order":0,"comment_status":"closed","ping_status":"closed","template":"","meta":[],"_links":{"self":[{"href":"https:\/\/salloum.bg\/de\/wp-json\/wp\/v2\/pages\/115"}],"collection":[{"href":"https:\/\/salloum.bg\/de\/wp-json\/wp\/v2\/pages"}],"about":[{"href":"https:\/\/salloum.bg\/de\/wp-json\/wp\/v2\/types\/page"}],"author":[{"embeddable":true,"href":"https:\/\/salloum.bg\/de\/wp-json\/wp\/v2\/users\/1"}],"replies":[{"embeddable":true,"href":"https:\/\/salloum.bg\/de\/wp-json\/wp\/v2\/comments?post=115"}],"version-history":[{"count":1,"href":"https:\/\/salloum.bg\/de\/wp-json\/wp\/v2\/pages\/115\/revisions"}],"predecessor-version":[{"id":116,"href":"https:\/\/salloum.bg\/de\/wp-json\/wp\/v2\/pages\/115\/revisions\/116"}],"wp:attachment":[{"href":"https:\/\/salloum.bg\/de\/wp-json\/wp\/v2\/media?parent=115"}],"curies":[{"name":"wp","href":"https:\/\/api.w.org\/{rel}","templated":true}]}}