{"id":121,"date":"2021-01-27T08:27:28","date_gmt":"2021-01-27T08:27:28","guid":{"rendered":"http:\/\/salloum.bg\/?page_id=121"},"modified":"2021-01-27T08:27:29","modified_gmt":"2021-01-27T08:27:29","slug":"service","status":"publish","type":"page","link":"https:\/\/salloum.bg\/de\/service\/","title":{"rendered":"Service"},"content":{"rendered":"\n<h2 class=\"wp-block-heading\">Zuverl\u00e4ssiger RoRo-Versand<\/h2>\n\n\n\n<p>Als voll lizenzierter Spediteur bietet Salloum Shipping Co. Kunden mit internationalen Versandanforderungen kosteng\u00fcnstige Seefrachtl\u00f6sungen. Wir unterhalten strategische Beziehungen zu gro\u00dfen globalen Fluggesellschaften, um die wettbewerbsf\u00e4higsten Seeraten zu erzielen.<\/p>\n\n\n\n<p>Als Spediteur w\u00e4hlt Salloum Shipping Co. die besten Speditionsrouten und Spediteure f\u00fcr Ihre Seefracht aus. Wir verhandeln internationale Versandkosten, stellen Frachtbriefe aus und verwalten die Weiterleitung von Sendungen auf Wasser und Land. Da wir keine Schiffe oder Ausr\u00fcstung warten, k\u00f6nnen sich unsere Logistikspezialisten darauf konzentrieren, Ihre Fracht ans Ziel zu bringen und Ihnen w\u00e4hrend des gesamten Prozesses erstklassigen Service und Transparenz zu bieten.<\/p>\n\n\n\n<br>\n\n\n\n<div class=\"row img-box-rows\">\n\t<div class=\"col-md-12\">\n\t\t<div class=\"img-box\">\n\t\t\t<div class=\"img\" style=\"background-image: url('https:\/\/salloum.bg\/wp-content\/themes\/salloumshipping\/img\/cars.jpg');\"><\/div>\n\t\t\t<div class=\"box-content\">\n\t\t\t\t<span>RoRo Versand<\/span>\n\t\t\t\t<span>Alle Arten von Fahrzeugen. Egal, ob Sie Autos, Busse oder Lastwagen exportieren m\u00fcssen.<\/span>\n\t\t\t<\/div>\n\t\t<\/div>\n\t<\/div>\n\t\n\t<div class=\"col-md-12\">\n\t\t<div class=\"img-box\">\n\t\t\t<div class=\"img\" style=\"background-image: url('https:\/\/salloum.bg\/wp-content\/themes\/salloumshipping\/img\/land.jpg');\"><\/div>\n\t\t\t<div class=\"box-content\">\n\t\t\t\t<span>Land Transportation<\/span>\n\t\t\t\t<span>We provide a full shipping service, from the original location to the final destination.<\/span>\n\t\t\t<\/div>\n\t\t<\/div>\n\t<\/div>\n\t\n\t<div class=\"col-md-12\">\n\t<div class=\"img-box\">\n\t<div class=\"img\" style=\"background-image: url('https:\/\/salloum.bg\/wp-content\/themes\/salloumshipping\/img\/heavy.jpg');\"><\/div>\n\t\t<div class=\"box-content\">\n\t\t<span>Landwirtschaftliches Equipment<\/span>\n\t\t<span>Sicherer Transport von M\u00e4hdreschern, Spr\u00fchern oder einem Baumwollvollernter.<\/span>\n\t\t<\/div>\n\t<\/div>\n\t<\/div>\n\t\n\t<div class=\"col-md-12\">\n\t<div class=\"img-box\">\n\t<div class=\"img\" style=\"background-image: url('https:\/\/salloum.bg\/wp-content\/themes\/salloumshipping\/img\/static.jpg');\"><\/div>\n\t\t<div class=\"box-content\">\n\t\t<span>Statisches Equipment<\/span>\n\t\t<span>Industriemaschinen, schwere Bauteile und alles was schwer zu bewegen und transportieren ist.<\/span>\n\t\t<\/div>\n\t<\/div>\n\t<\/div>\n\t\n\t<div class=\"col-md-12\">\n\t<div class=\"img-box\">\n\t<div class=\"img\" style=\"background-image: url('https:\/\/salloum.bg\/wp-content\/themes\/salloumshipping\/img\/inland.jpg');\"><\/div>\n\t\t<div class=\"box-content\">\n\t\t<span>Containerversand<\/span>\n\t\t<span>Profitieren Sie von unseren Dienstleistungen und weltweiten Verbindungen im Bereich Seefracht.<\/span>\n\t\t<\/div>\n\t<\/div>\n\t<\/div>\n\t\t  \n<\/div>\n","protected":false},"excerpt":{"rendered":"<p>Zuverl\u00e4ssiger RoRo-Versand Als voll lizenzierter Spediteur bietet Salloum Shipping Co. Kunden mit internationalen Versandanforderungen kosteng\u00fcnstige Seefrachtl\u00f6sungen. Wir unterhalten strategische Beziehungen zu gro\u00dfen globalen Fluggesellschaften, um die wettbewerbsf\u00e4higsten Seeraten zu erzielen. Als Spediteur w\u00e4hlt Salloum Shipping Co. die besten Speditionsrouten und Spediteure f\u00fcr Ihre Seefracht aus. Wir verhandeln internationale Versandkosten, stellen Frachtbriefe aus und verwalten die [&hellip;]<\/p>\n","protected":false},"author":1,"featured_media":0,"parent":0,"menu_order":0,"comment_status":"closed","ping_status":"closed","template":"","meta":[],"_links":{"self":[{"href":"https:\/\/salloum.bg\/de\/wp-json\/wp\/v2\/pages\/121"}],"collection":[{"href":"https:\/\/salloum.bg\/de\/wp-json\/wp\/v2\/pages"}],"about":[{"href":"https:\/\/salloum.bg\/de\/wp-json\/wp\/v2\/types\/page"}],"author":[{"embeddable":true,"href":"https:\/\/salloum.bg\/de\/wp-json\/wp\/v2\/users\/1"}],"replies":[{"embeddable":true,"href":"https:\/\/salloum.bg\/de\/wp-json\/wp\/v2\/comments?post=121"}],"version-history":[{"count":1,"href":"https:\/\/salloum.bg\/de\/wp-json\/wp\/v2\/pages\/121\/revisions"}],"predecessor-version":[{"id":122,"href":"https:\/\/salloum.bg\/de\/wp-json\/wp\/v2\/pages\/121\/revisions\/122"}],"wp:attachment":[{"href":"https:\/\/salloum.bg\/de\/wp-json\/wp\/v2\/media?parent=121"}],"curies":[{"name":"wp","href":"https:\/\/api.w.org\/{rel}","templated":true}]}}